{"id":11,"date":"2025-01-12T17:12:36","date_gmt":"2025-01-12T16:12:36","guid":{"rendered":"http:\/\/jmwsystem.pl\/?page_id=11"},"modified":"2025-01-12T23:57:32","modified_gmt":"2025-01-12T22:57:32","slug":"o-nas","status":"publish","type":"page","link":"http:\/\/jmwsystem.pl\/","title":{"rendered":"O Nas"},"content":{"rendered":"\n<p>JMW System \u015bwiadczy swoje us\u0142ugi i zdobywa Pa\u0144stwa zaufanie na polskim rynku ju\u017c od 2019 roku.<\/p>\n\n\n\n<p>Zdajemy sobie spraw\u0119, jak dla ka\u017cdego z nas istotne jest poczucie bezpiecze\u0144stwa we w\u0142asnym domu lub firmie, dlatego od samego pocz\u0105tku istnienia firmy specjalizujemy si\u0119 w serwisie i monta\u017cu system\u00f3w monitoringu wizyjnego, system\u00f3w sygnalizacji w\u0142amania i napadu oraz system\u00f3w alarmowych i kontroli dost\u0119pu.<\/p>\n\n\n\n<p>Nie brakuje nam jednak pasji i ch\u0119ci zdobywania do\u015bwiadczenia, co zaowocowa\u0142o dalszym rozwojem firmy i poszerzeniem naszej oferty o \u015bwiadczenie us\u0142ug z zakresu wsparcia IT i serwisu sieci LAN, a tak\u017ce wykonania i serwisu instalacji elektrycznych oraz obs\u0142ugi system\u00f3w automatyki budynkowej i smarthome.<\/p>\n\n\n\n<p>Wyr\u00f3\u017cnia nas:<\/p>\n\n\n\n<p>-dostosowujemy oferty do indywidualnych potrzeb klienta &#8211; wszystkie zlecenia traktowane s\u0105 przez nas indywidualnie. Nie wysy\u0142amy gotowych szablon\u00f3w, a ka\u017cda oferta przygotowywana jest przez nas pod konkretnego klienta z uwzgl\u0119dnieniem jego indywidualnych potrzeb;<br>-zapewniamy doradztwo profesjonalisty &#8211; przychodz\u0105c do nas nie musisz wiedzie\u0107, jakiego sprz\u0119tu potrzebujesz i co dok\u0142adnie chcesz wykona\u0107. Wystarczy, \u017ce przedstawisz nam og\u00f3lny zarys Twoich oczekiwa\u0144, a nasz specjalista pomo\u017ce dobra\u0107 Ci odpowiedni sprz\u0119t oraz us\u0142ug\u0119. Je\u015bli zachodzi taka potrzeba, oferujemy przeprowadzenie w tym celu bezp\u0142atnej wizji lokalnej;<br>-cenimy sobie czas naszych klient\u00f3w &#8211; termin wykonania us\u0142ugi dopasowywany jest do oczekiwa\u0144 klienta i nie dopuszczamy do op\u00f3\u017anie\u0144 w realizacji \u015bwiadczonych przez nas us\u0142ug;<br>-gwarantujemy najwy\u017csz\u0105 jako\u015b\u0107 \u015bwiadczonych us\u0142ug &#8211; zadowolenie klient\u00f3w jest dla nas najwa\u017cniejsze, dlatego wszystkie us\u0142ugi wykonujemy z zachowaniem nale\u017cytej staranno\u015bci, jakiej klient oczekuje od profesjonalisty;<br>stawiamy na kontakt z klientem &#8211;\u00a0fundamentem dzia\u0142alno\u015bci naszej firmy jest budowanie zaufania klient\u00f3w i dbanie o relacje z nimi, dlatego nasi specjali\u015bci s\u0105 dost\u0119pni dla Pa\u0144stwa przed wykonaniem us\u0142ugi, w trakcie jej realizacji, jak r\u00f3wnie\u017c po wykonaniu prac.<\/p>\n","protected":false},"excerpt":{"rendered":"<p>JMW System \u015bwiadczy swoje us\u0142ugi i zdobywa Pa\u0144stwa zaufanie na polskim rynku ju\u017c od 2019 roku. Zdajemy sobie spraw\u0119, jak dla ka\u017cdego z nas istotne jest poczucie bezpiecze\u0144stwa we w\u0142asnym &#8230;<\/p>\n","protected":false},"author":1,"featured_media":0,"parent":0,"menu_order":0,"comment_status":"closed","ping_status":"closed","template":"","meta":{"footnotes":""},"class_list":["post-11","page","type-page","status-publish","hentry"],"_links":{"self":[{"href":"http:\/\/jmwsystem.pl\/index.php?rest_route=\/wp\/v2\/pages\/11","targetHints":{"allow":["GET"]}}],"collection":[{"href":"http:\/\/jmwsystem.pl\/index.php?rest_route=\/wp\/v2\/pages"}],"about":[{"href":"http:\/\/jmwsystem.pl\/index.php?rest_route=\/wp\/v2\/types\/page"}],"author":[{"embeddable":true,"href":"http:\/\/jmwsystem.pl\/index.php?rest_route=\/wp\/v2\/users\/1"}],"replies":[{"embeddable":true,"href":"http:\/\/jmwsystem.pl\/index.php?rest_route=%2Fwp%2Fv2%2Fcomments&post=11"}],"version-history":[{"count":2,"href":"http:\/\/jmwsystem.pl\/index.php?rest_route=\/wp\/v2\/pages\/11\/revisions"}],"predecessor-version":[{"id":33,"href":"http:\/\/jmwsystem.pl\/index.php?rest_route=\/wp\/v2\/pages\/11\/revisions\/33"}],"wp:attachment":[{"href":"http:\/\/jmwsystem.pl\/index.php?rest_route=%2Fwp%2Fv2%2Fmedia&parent=11"}],"curies":[{"name":"wp","href":"https:\/\/api.w.org\/{rel}","templated":true}]}}